{"id":3763,"date":"2023-08-21T17:40:26","date_gmt":"2023-08-21T20:40:26","guid":{"rendered":"https:\/\/veronicaguzmanlivingston.com\/libro\/"},"modified":"2023-10-19T10:20:44","modified_gmt":"2023-10-19T13:20:44","slug":"libro","status":"publish","type":"page","link":"https:\/\/veronicaguzmanlivingston.com\/fr\/libro\/","title":{"rendered":"Livre"},"content":{"rendered":"\t\t<div data-elementor-type=\"wp-post\" data-elementor-id=\"3763\" class=\"elementor elementor-3763\">\n\t\t\t\t\t\t<section class=\"elementor-section elementor-top-section elementor-element elementor-element-417cffd elementor-section-boxed elementor-section-height-default elementor-section-height-default\" data-id=\"417cffd\" data-element_type=\"section\" data-settings=\"{&quot;jet_parallax_layout_list&quot;:[],&quot;background_background&quot;:&quot;classic&quot;}\">\n\t\t\t\t\t\t<div class=\"elementor-container elementor-column-gap-default\">\n\t\t\t\t\t<div class=\"elementor-column elementor-col-33 elementor-top-column elementor-element elementor-element-aba5b73\" data-id=\"aba5b73\" data-element_type=\"column\">\n\t\t\t<div class=\"elementor-widget-wrap elementor-element-populated\">\n\t\t\t\t\t\t<div class=\"elementor-element elementor-element-11f9e81 elementor-widget__width-initial elementor-widget elementor-widget-image\" data-id=\"11f9e81\" data-element_type=\"widget\" data-widget_type=\"image.default\">\n\t\t\t\t<div class=\"elementor-widget-container\">\n\t\t\t\t\t\t\t\t\t\t\t\t\t<img loading=\"lazy\" decoding=\"async\" width=\"380\" height=\"595\" src=\"https:\/\/veronicaguzmanlivingston.com\/wp-content\/uploads\/2023\/08\/libro-home.png\" class=\"attachment-full size-full wp-image-2967\" alt=\"\" srcset=\"https:\/\/veronicaguzmanlivingston.com\/wp-content\/uploads\/2023\/08\/libro-home.png 380w, https:\/\/veronicaguzmanlivingston.com\/wp-content\/uploads\/2023\/08\/libro-home-192x300.png 192w, https:\/\/veronicaguzmanlivingston.com\/wp-content\/uploads\/2023\/08\/libro-home-351x550.png 351w, https:\/\/veronicaguzmanlivingston.com\/wp-content\/uploads\/2023\/08\/libro-home-319x500.png 319w\" sizes=\"auto, (max-width: 380px) 100vw, 380px\" \/>\t\t\t\t\t\t\t\t\t\t\t\t\t<\/div>\n\t\t\t\t<\/div>\n\t\t\t\t\t<\/div>\n\t\t<\/div>\n\t\t\t\t<div class=\"elementor-column elementor-col-66 elementor-top-column elementor-element elementor-element-694ed81\" data-id=\"694ed81\" data-element_type=\"column\">\n\t\t\t<div class=\"elementor-widget-wrap elementor-element-populated\">\n\t\t\t\t\t\t<div class=\"elementor-element elementor-element-410ef24 elementor-widget elementor-widget-heading\" data-id=\"410ef24\" data-element_type=\"widget\" data-widget_type=\"heading.default\">\n\t\t\t\t<div class=\"elementor-widget-container\">\n\t\t\t<h2 class=\"elementor-heading-title elementor-size-default\">\u00cates-vous pr\u00eat\/e \u00e0 vous embarquer dans cette passionnante aventure \u00e0 la d\u00e9couverte de soi et de d\u00e9veloppement personnel?<\/h2>\t\t<\/div>\n\t\t\t\t<\/div>\n\t\t\t\t<div class=\"elementor-element elementor-element-8aa5b72 elementor-widget elementor-widget-text-editor\" data-id=\"8aa5b72\" data-element_type=\"widget\" data-widget_type=\"text-editor.default\">\n\t\t\t\t<div class=\"elementor-widget-container\">\n\t\t\t\t\t\t\t<p class=\"p1\">Dans ce livre, je partage mon histoire qui commence dans les Andes de Patagonie, passe \u00e0 l&rsquo;est \u00e0 travers l&rsquo;ancienne Europe puis vers l&rsquo;Inde et l&rsquo;Australie avant de revenir \u00e0 l&rsquo;ouest \u00e0 travers l&rsquo;Am\u00e9rique du Nord jusqu&rsquo;en Californie. Je raconte mes propres exp\u00e9riences et comment elles ont conditionn\u00e9 ma fa\u00e7on d&rsquo;\u00eatre et d&rsquo;agir. Je r\u00e9v\u00e8le comment ces exp\u00e9riences, les succ\u00e8s et les \u00e9checs, peuvent servir \u00e0 gagner en courage et \u00e0 surmonter les obstacles.<\/p><p class=\"p1\">De plus, je partage des r\u00e9flexions, des informations de sp\u00e9cialistes et des id\u00e9es d&rsquo;autres auteurs qui nous invitent \u00e0 enqu\u00eater sur nous-m\u00eame; des sujets tels que la conscience de soi, l&rsquo;estime de soi, la gestion \u00e9motionnelle et l&rsquo;autonomisation. \u00c0 travers des exercices, je nous invite \u00e0 nous lancer dans un processus d&rsquo;introspection pour surmonter nos peurs; apprendre de nos erreurs et d\u00e9couvrir notre potentiel.<\/p>\t\t\t\t\t\t<\/div>\n\t\t\t\t<\/div>\n\t\t\t\t<div class=\"elementor-element elementor-element-55dbcad elementor-widget elementor-widget-spacer\" data-id=\"55dbcad\" data-element_type=\"widget\" data-widget_type=\"spacer.default\">\n\t\t\t\t<div class=\"elementor-widget-container\">\n\t\t\t\t\t<div class=\"elementor-spacer\">\n\t\t\t<div class=\"elementor-spacer-inner\"><\/div>\n\t\t<\/div>\n\t\t\t\t<\/div>\n\t\t\t\t<\/div>\n\t\t\t\t<div class=\"elementor-element elementor-element-369ae66 elementor-widget elementor-widget-heading\" data-id=\"369ae66\" data-element_type=\"widget\" data-widget_type=\"heading.default\">\n\t\t\t\t<div class=\"elementor-widget-container\">\n\t\t\t<p class=\"elementor-heading-title elementor-size-default\">Obtenez votre copie de \"Alcanza la cima de tu bienestar\" disponible en espagnol ou en anglais maintenant!<\/p>\t\t<\/div>\n\t\t\t\t<\/div>\n\t\t\t\t<div class=\"elementor-element elementor-element-8adc641 elementor-align-left elementor-widget elementor-widget-button\" data-id=\"8adc641\" data-element_type=\"widget\" data-widget_type=\"button.default\">\n\t\t\t\t<div class=\"elementor-widget-container\">\n\t\t\t\t\t\t\t\t<a class=\"elementor-button elementor-button-link elementor-size-lg\" href=\"\/fr\/tienda\">\n\t\t\t\t\t\t<span class=\"elementor-button-content-wrapper\">\n\t\t\t\t\t\t\t\t\t<span class=\"elementor-button-text\">ACHETEZ-LE MAINTENANT<\/span>\n\t\t\t\t\t<\/span>\n\t\t\t\t\t<\/a>\n\t\t\t\t\t\t<\/div>\n\t\t\t\t<\/div>\n\t\t\t\t\t<\/div>\n\t\t<\/div>\n\t\t\t\t\t<\/div>\n\t\t<\/section>\n\t\t\t\t<section class=\"elementor-section elementor-top-section elementor-element elementor-element-4802e12c elementor-section-boxed elementor-section-height-default elementor-section-height-default\" data-id=\"4802e12c\" data-element_type=\"section\" data-settings=\"{&quot;background_background&quot;:&quot;classic&quot;,&quot;jet_parallax_layout_list&quot;:[{&quot;_id&quot;:&quot;bbe1963&quot;,&quot;jet_parallax_layout_image&quot;:{&quot;url&quot;:&quot;&quot;,&quot;id&quot;:&quot;&quot;,&quot;size&quot;:&quot;&quot;},&quot;jet_parallax_layout_image_tablet&quot;:{&quot;url&quot;:&quot;&quot;,&quot;id&quot;:&quot;&quot;,&quot;size&quot;:&quot;&quot;},&quot;jet_parallax_layout_image_mobile&quot;:{&quot;url&quot;:&quot;&quot;,&quot;id&quot;:&quot;&quot;,&quot;size&quot;:&quot;&quot;},&quot;jet_parallax_layout_speed&quot;:{&quot;unit&quot;:&quot;%&quot;,&quot;size&quot;:50,&quot;sizes&quot;:[]},&quot;jet_parallax_layout_type&quot;:&quot;scroll&quot;,&quot;jet_parallax_layout_direction&quot;:null,&quot;jet_parallax_layout_fx_direction&quot;:null,&quot;jet_parallax_layout_z_index&quot;:&quot;&quot;,&quot;jet_parallax_layout_bg_x&quot;:50,&quot;jet_parallax_layout_bg_x_tablet&quot;:&quot;&quot;,&quot;jet_parallax_layout_bg_x_mobile&quot;:&quot;&quot;,&quot;jet_parallax_layout_bg_y&quot;:50,&quot;jet_parallax_layout_bg_y_tablet&quot;:&quot;&quot;,&quot;jet_parallax_layout_bg_y_mobile&quot;:&quot;&quot;,&quot;jet_parallax_layout_bg_size&quot;:&quot;auto&quot;,&quot;jet_parallax_layout_bg_size_tablet&quot;:&quot;&quot;,&quot;jet_parallax_layout_bg_size_mobile&quot;:&quot;&quot;,&quot;jet_parallax_layout_animation_prop&quot;:&quot;transform&quot;,&quot;jet_parallax_layout_on&quot;:[&quot;desktop&quot;,&quot;tablet&quot;]}]}\">\n\t\t\t\t\t\t<div class=\"elementor-container elementor-column-gap-default\">\n\t\t\t\t\t<div class=\"elementor-column elementor-col-100 elementor-top-column elementor-element elementor-element-73b51ad4\" data-id=\"73b51ad4\" data-element_type=\"column\">\n\t\t\t<div class=\"elementor-widget-wrap elementor-element-populated\">\n\t\t\t\t\t\t<section class=\"elementor-section elementor-inner-section elementor-element elementor-element-a606524 elementor-section-boxed elementor-section-height-default elementor-section-height-default\" data-id=\"a606524\" data-element_type=\"section\" data-settings=\"{&quot;jet_parallax_layout_list&quot;:[{&quot;_id&quot;:&quot;0450ede&quot;,&quot;jet_parallax_layout_image&quot;:{&quot;url&quot;:&quot;&quot;,&quot;id&quot;:&quot;&quot;,&quot;size&quot;:&quot;&quot;},&quot;jet_parallax_layout_image_tablet&quot;:{&quot;url&quot;:&quot;&quot;,&quot;id&quot;:&quot;&quot;,&quot;size&quot;:&quot;&quot;},&quot;jet_parallax_layout_image_mobile&quot;:{&quot;url&quot;:&quot;&quot;,&quot;id&quot;:&quot;&quot;,&quot;size&quot;:&quot;&quot;},&quot;jet_parallax_layout_speed&quot;:{&quot;unit&quot;:&quot;%&quot;,&quot;size&quot;:50,&quot;sizes&quot;:[]},&quot;jet_parallax_layout_type&quot;:&quot;scroll&quot;,&quot;jet_parallax_layout_direction&quot;:null,&quot;jet_parallax_layout_fx_direction&quot;:null,&quot;jet_parallax_layout_z_index&quot;:&quot;&quot;,&quot;jet_parallax_layout_bg_x&quot;:50,&quot;jet_parallax_layout_bg_x_tablet&quot;:&quot;&quot;,&quot;jet_parallax_layout_bg_x_mobile&quot;:&quot;&quot;,&quot;jet_parallax_layout_bg_y&quot;:50,&quot;jet_parallax_layout_bg_y_tablet&quot;:&quot;&quot;,&quot;jet_parallax_layout_bg_y_mobile&quot;:&quot;&quot;,&quot;jet_parallax_layout_bg_size&quot;:&quot;auto&quot;,&quot;jet_parallax_layout_bg_size_tablet&quot;:&quot;&quot;,&quot;jet_parallax_layout_bg_size_mobile&quot;:&quot;&quot;,&quot;jet_parallax_layout_animation_prop&quot;:&quot;transform&quot;,&quot;jet_parallax_layout_on&quot;:[&quot;desktop&quot;,&quot;tablet&quot;]}]}\">\n\t\t\t\t\t\t<div class=\"elementor-container elementor-column-gap-no\">\n\t\t\t\t\t<div class=\"elementor-column elementor-col-100 elementor-inner-column elementor-element elementor-element-6447c45e\" data-id=\"6447c45e\" data-element_type=\"column\">\n\t\t\t<div class=\"elementor-widget-wrap elementor-element-populated\">\n\t\t\t\t\t\t<div class=\"elementor-element elementor-element-77e2e0e6 elementor-invisible elementor-widget elementor-widget-heading\" data-id=\"77e2e0e6\" data-element_type=\"widget\" data-settings=\"{&quot;_animation&quot;:&quot;fadeInUp&quot;,&quot;_animation_delay&quot;:150}\" data-widget_type=\"heading.default\">\n\t\t\t\t<div class=\"elementor-widget-container\">\n\t\t\t<h1 class=\"elementor-heading-title elementor-size-default\">T\u00e9moignages de mes lecteurs<\/h1>\t\t<\/div>\n\t\t\t\t<\/div>\n\t\t\t\t\t<\/div>\n\t\t<\/div>\n\t\t\t\t\t<\/div>\n\t\t<\/section>\n\t\t\t\t<section class=\"elementor-section elementor-inner-section elementor-element elementor-element-4f0116ec elementor-section-boxed elementor-section-height-default elementor-section-height-default\" data-id=\"4f0116ec\" data-element_type=\"section\" data-settings=\"{&quot;jet_parallax_layout_list&quot;:[{&quot;_id&quot;:&quot;17ca8a5&quot;,&quot;jet_parallax_layout_image&quot;:{&quot;url&quot;:&quot;&quot;,&quot;id&quot;:&quot;&quot;,&quot;size&quot;:&quot;&quot;},&quot;jet_parallax_layout_image_tablet&quot;:{&quot;url&quot;:&quot;&quot;,&quot;id&quot;:&quot;&quot;,&quot;size&quot;:&quot;&quot;},&quot;jet_parallax_layout_image_mobile&quot;:{&quot;url&quot;:&quot;&quot;,&quot;id&quot;:&quot;&quot;,&quot;size&quot;:&quot;&quot;},&quot;jet_parallax_layout_speed&quot;:{&quot;unit&quot;:&quot;%&quot;,&quot;size&quot;:50,&quot;sizes&quot;:[]},&quot;jet_parallax_layout_type&quot;:&quot;scroll&quot;,&quot;jet_parallax_layout_direction&quot;:null,&quot;jet_parallax_layout_fx_direction&quot;:null,&quot;jet_parallax_layout_z_index&quot;:&quot;&quot;,&quot;jet_parallax_layout_bg_x&quot;:50,&quot;jet_parallax_layout_bg_x_tablet&quot;:&quot;&quot;,&quot;jet_parallax_layout_bg_x_mobile&quot;:&quot;&quot;,&quot;jet_parallax_layout_bg_y&quot;:50,&quot;jet_parallax_layout_bg_y_tablet&quot;:&quot;&quot;,&quot;jet_parallax_layout_bg_y_mobile&quot;:&quot;&quot;,&quot;jet_parallax_layout_bg_size&quot;:&quot;auto&quot;,&quot;jet_parallax_layout_bg_size_tablet&quot;:&quot;&quot;,&quot;jet_parallax_layout_bg_size_mobile&quot;:&quot;&quot;,&quot;jet_parallax_layout_animation_prop&quot;:&quot;transform&quot;,&quot;jet_parallax_layout_on&quot;:[&quot;desktop&quot;,&quot;tablet&quot;]}]}\">\n\t\t\t\t\t\t<div class=\"elementor-container elementor-column-gap-no\">\n\t\t\t\t\t<div class=\"elementor-column elementor-col-100 elementor-inner-column elementor-element elementor-element-5043bdbe\" data-id=\"5043bdbe\" data-element_type=\"column\">\n\t\t\t<div class=\"elementor-widget-wrap elementor-element-populated\">\n\t\t\t\t\t\t<div class=\"elementor-element elementor-element-160a2aba elementor-widget elementor-widget-jet-testimonials\" data-id=\"160a2aba\" data-element_type=\"widget\" data-settings=\"{&quot;slides_to_show&quot;:&quot;3&quot;,&quot;slides_to_show_tablet&quot;:&quot;2&quot;,&quot;slides_to_show_mobile&quot;:&quot;1&quot;,&quot;slides_to_scroll&quot;:&quot;1&quot;}\" data-widget_type=\"jet-testimonials.default\">\n\t\t\t\t<div class=\"elementor-widget-container\">\n\t\t\t<div class=\"elementor-jet-testimonials jet-elements\">\n<div class=\"jet-testimonials\">\n\t<div class=\"jet-testimonials__instance elementor-slick-slider jet-testimonials--comment-corner\" data-settings='{\"autoplaySpeed\":5000,\"autoplay\":false,\"infinite\":true,\"centerMode\":false,\"centerPadding\":\"50px\",\"adaptiveHeight\":true,\"pauseOnHover\":false,\"speed\":500,\"arrows\":true,\"dots\":true,\"slidesToScroll\":1,\"prevArrow\":\".jet-testimonial__prev-arrow-160a2aba\",\"nextArrow\":\".jet-testimonial__next-arrow-160a2aba\",\"rtl\":false}' dir=\"ltr\"><div class=\"jet-testimonial__prev-arrow-160a2aba jet-arrow prev-arrow\"><svg aria-hidden=\"true\" class=\"e-font-icon-svg e-fas-chevron-left\" viewBox=\"0 0 320 512\" xmlns=\"http:\/\/www.w3.org\/2000\/svg\"><path d=\"M34.52 239.03L228.87 44.69c9.37-9.37 24.57-9.37 33.94 0l22.67 22.67c9.36 9.36 9.37 24.52.04 33.9L131.49 256l154.02 154.75c9.34 9.38 9.32 24.54-.04 33.9l-22.67 22.67c-9.37 9.37-24.57 9.37-33.94 0L34.52 272.97c-9.37-9.37-9.37-24.57 0-33.94z\"><\/path><\/svg><\/div><div class=\"jet-testimonial__next-arrow-160a2aba jet-arrow next-arrow\"><svg aria-hidden=\"true\" class=\"e-font-icon-svg e-fas-chevron-right\" viewBox=\"0 0 320 512\" xmlns=\"http:\/\/www.w3.org\/2000\/svg\"><path d=\"M285.476 272.971L91.132 467.314c-9.373 9.373-24.569 9.373-33.941 0l-22.667-22.667c-9.357-9.357-9.375-24.522-.04-33.901L188.505 256 34.484 101.255c-9.335-9.379-9.317-24.544.04-33.901l22.667-22.667c9.373-9.373 24.569-9.373 33.941 0L285.475 239.03c9.373 9.372 9.373 24.568.001 33.941z\"><\/path><\/svg><\/div><div class=\"jet-testimonials__item\">\n\t<div class=\"jet-testimonials__item-inner\">\n\t\t<div class=\"jet-testimonials__content\"><div class=\"jet-testimonials__comment\">Un livre d'auto-assistance qui aborde divers sujets pour vous permettre de devenir une meilleure personne, quel que soit le stade o\u00f9 vous en \u00eates dans votre vie. Le lecteur suit une s\u00e9rie d'\u00e9v\u00e9nements de la vie qui ont touch\u00e9 l'\u00e9crivaine qu'elle est capable de transformer en exp\u00e9riences d'apprentissage. Le lecteur est ensuite \u00e9quip\u00e9 d'une bo\u00eete \u00e0 outils d'exercices simples et r\u00e9fl\u00e9chis pour encourager le lecteur \u00e0 examiner son comportement pour atteindre ses objectifs. Ce livre est un excellent d\u00e9but pour votre voyage pour accueillir et adopter votre nouveau vous.<\/div><div class=\"jet-testimonials__name\"><span>Victoria<\/span><\/div><div class=\"jet-testimonials__position\"><span>Anthy-sur-Leman<\/span><\/div><\/div>\n\t<\/div>\n<\/div>\n\n<div class=\"jet-testimonials__item\">\n\t<div class=\"jet-testimonials__item-inner\">\n\t\t<div class=\"jet-testimonials__content\"><div class=\"jet-testimonials__comment\">Ce livre m'a donn\u00e9 une grande r\u00e9flexion personnelle sur plusieurs sujets importants. J'ai ador\u00e9 faire les exercices car cela m'a aid\u00e9 \u00e0 mieux me conna\u00eetre dans les diff\u00e9rents aspects de la vie et je me suis beaucoup identifi\u00e9e \u00e0 la vie personnelle de l'auteure. Je pense que le livre peut, avant tout, aider beaucoup de femmes \u00e0 am\u00e9liorer nos relations et \u00e0 augmenter notre estime de soi. Je recommande \u00e0 100% !!!\n<\/div><div class=\"jet-testimonials__name\"><span>Zaneta<\/span><\/div><div class=\"jet-testimonials__position\"><span>Thonon-les-Bains<\/span><\/div><\/div>\n\t<\/div>\n<\/div>\n\n<div class=\"jet-testimonials__item\">\n\t<div class=\"jet-testimonials__item-inner\">\n\t\t<div class=\"jet-testimonials__content\"><div class=\"jet-testimonials__comment\">Dans son livre, Ver\u00f3nica nous enseigne son chemin d'am\u00e9lioration et de croissance. C'est l'histoire d'une personne qui ne s'arr\u00eate pas face \u00e0 l'adversit\u00e9 et avance avec honn\u00eatet\u00e9 et d\u00e9termination vers une vie plus compl\u00e8te. Elle nous enseigne \u00e0 croire en notre capacit\u00e9 d'auto-am\u00e9lioration et de d\u00e9veloppement personnel, en partant d'une r\u00e9vision de notre pass\u00e9 comme pilier fondamental pour construire notre avenir.\n<\/div><div class=\"jet-testimonials__name\"><span>Andr\u00e9s<\/span><\/div><div class=\"jet-testimonials__position\"><span>Barcelona<\/span><\/div><\/div>\n\t<\/div>\n<\/div>\n\n<div class=\"jet-testimonials__item\">\n\t<div class=\"jet-testimonials__item-inner\">\n\t\t<div class=\"jet-testimonials__content\"><div class=\"jet-testimonials__comment\">Un livre qui nous enseigne \u00e0 mener, et nous donne les outils n\u00e9cessaires pour sortir des \u00e9tats \u00e9motionnels qui nous enracinent. Une r\u00e9flexion sur l'\u00e2me qui nous fait tomber amoureux encore une fois.<\/div><div class=\"jet-testimonials__name\"><span>Josefina<\/span><\/div><div class=\"jet-testimonials__position\"><span>San Carlos de Bariloche<\/span><\/div><\/div>\n\t<\/div>\n<\/div>\n\n<\/div>\n<\/div>\n<\/div>\t\t<\/div>\n\t\t\t\t<\/div>\n\t\t\t\t\t<\/div>\n\t\t<\/div>\n\t\t\t\t\t<\/div>\n\t\t<\/section>\n\t\t\t\t\t<\/div>\n\t\t<\/div>\n\t\t\t\t\t<\/div>\n\t\t<\/section>\n\t\t\t\t<\/div>\n\t\t","protected":false},"excerpt":{"rendered":"<p>\u00cates-vous pr\u00eat\/e \u00e0 vous embarquer dans cette passionnante aventure \u00e0 la d\u00e9couverte de soi et de d\u00e9veloppement personnel? Dans ce livre, je partage mon histoire qui commence dans les Andes de Patagonie, passe \u00e0 l&rsquo;est \u00e0 travers l&rsquo;ancienne Europe puis vers l&rsquo;Inde et l&rsquo;Australie avant de revenir \u00e0 l&rsquo;ouest \u00e0 travers l&rsquo;Am\u00e9rique du Nord jusqu&rsquo;en Californie. Je raconte mes propres exp\u00e9riences et comment elles ont&#8230; <\/p>\n<p class=\"more\"><a class=\"more-link\" href=\"https:\/\/veronicaguzmanlivingston.com\/fr\/libro\/\">Read More<\/a><\/p>\n","protected":false},"author":2,"featured_media":0,"parent":0,"menu_order":0,"comment_status":"closed","ping_status":"closed","template":"elementor_header_footer","meta":{"_joinchat":[],"footnotes":""},"class_list":["post-3763","page","type-page","status-publish","hentry","is-cat-link-solid-light is-cat-link-rounded"],"_links":{"self":[{"href":"https:\/\/veronicaguzmanlivingston.com\/fr\/wp-json\/wp\/v2\/pages\/3763","targetHints":{"allow":["GET"]}}],"collection":[{"href":"https:\/\/veronicaguzmanlivingston.com\/fr\/wp-json\/wp\/v2\/pages"}],"about":[{"href":"https:\/\/veronicaguzmanlivingston.com\/fr\/wp-json\/wp\/v2\/types\/page"}],"author":[{"embeddable":true,"href":"https:\/\/veronicaguzmanlivingston.com\/fr\/wp-json\/wp\/v2\/users\/2"}],"replies":[{"embeddable":true,"href":"https:\/\/veronicaguzmanlivingston.com\/fr\/wp-json\/wp\/v2\/comments?post=3763"}],"version-history":[{"count":0,"href":"https:\/\/veronicaguzmanlivingston.com\/fr\/wp-json\/wp\/v2\/pages\/3763\/revisions"}],"wp:attachment":[{"href":"https:\/\/veronicaguzmanlivingston.com\/fr\/wp-json\/wp\/v2\/media?parent=3763"}],"curies":[{"name":"wp","href":"https:\/\/api.w.org\/{rel}","templated":true}]}}